{"id":108,"date":"2022-07-27T06:41:09","date_gmt":"2022-07-27T06:41:09","guid":{"rendered":"https:\/\/ap-strategic.com\/conseil-aux-entreprises\/"},"modified":"2022-08-02T11:25:38","modified_gmt":"2022-08-02T11:25:38","slug":"conseil-aux-entreprises","status":"publish","type":"page","link":"https:\/\/ap-strategic.com\/fr\/conseil-aux-entreprises\/","title":{"rendered":"Conseil aux entreprises"},"content":{"rendered":"\t\t<div data-elementor-type=\"wp-page\" data-elementor-id=\"108\" class=\"elementor elementor-108 elementor-31\" data-elementor-post-type=\"page\">\n\t\t\t\t\t\t<section class=\"elementor-section elementor-top-section elementor-element elementor-element-b0ee933 elementor-section-boxed elementor-section-height-default elementor-section-height-default\" data-id=\"b0ee933\" data-element_type=\"section\" data-e-type=\"section\" data-settings=\"{&quot;background_background&quot;:&quot;classic&quot;}\">\n\t\t\t\t\t\t<div class=\"elementor-container elementor-column-gap-default\">\n\t\t\t\t\t<div class=\"elementor-column elementor-col-100 elementor-top-column elementor-element elementor-element-5f509fa\" data-id=\"5f509fa\" data-element_type=\"column\" data-e-type=\"column\">\n\t\t\t<div class=\"elementor-widget-wrap elementor-element-populated\">\n\t\t\t\t\t\t<div class=\"elementor-element elementor-element-2e06419 elementor-widget elementor-widget-heading\" data-id=\"2e06419\" data-element_type=\"widget\" data-e-type=\"widget\" data-widget_type=\"heading.default\">\n\t\t\t\t<div class=\"elementor-widget-container\">\n\t\t\t\t\t<h1 class=\"elementor-heading-title elementor-size-default\">Conseil aux entreprises<\/h1>\t\t\t\t<\/div>\n\t\t\t\t<\/div>\n\t\t\t\t\t<\/div>\n\t\t<\/div>\n\t\t\t\t\t<\/div>\n\t\t<\/section>\n\t\t\t\t<section class=\"elementor-section elementor-top-section elementor-element elementor-element-ba4c1f7 elementor-section-boxed elementor-section-height-default elementor-section-height-default\" data-id=\"ba4c1f7\" data-element_type=\"section\" data-e-type=\"section\">\n\t\t\t\t\t\t<div class=\"elementor-container elementor-column-gap-default\">\n\t\t\t\t\t<div class=\"elementor-column elementor-col-100 elementor-top-column elementor-element elementor-element-af23dc7\" data-id=\"af23dc7\" data-element_type=\"column\" data-e-type=\"column\">\n\t\t\t<div class=\"elementor-widget-wrap elementor-element-populated\">\n\t\t\t\t\t\t<div class=\"elementor-element elementor-element-54c6f51 elementor-blockquote--skin-boxed elementor-blockquote--align-center elementor-widget elementor-widget-blockquote\" data-id=\"54c6f51\" data-element_type=\"widget\" data-e-type=\"widget\" data-widget_type=\"blockquote.default\">\n\t\t\t\t<div class=\"elementor-widget-container\">\n\t\t\t\t\t\t\t<blockquote class=\"elementor-blockquote\">\n\t\t\t<p class=\"elementor-blockquote__content\">\n\t\t\t\tAP Strategic est sp\u00e9cialis\u00e9e dans le Conseil aux Entreprises \u2028et le D\u00e9veloppement de projets dans le domaine de l\u2019\u00e9nergie.\t\t\t<\/p>\n\t\t\t\t\t<\/blockquote>\n\t\t\t\t\t\t<\/div>\n\t\t\t\t<\/div>\n\t\t\t\t<div class=\"elementor-element elementor-element-e2a48d4 elementor-widget elementor-widget-text-editor\" data-id=\"e2a48d4\" data-element_type=\"widget\" data-e-type=\"widget\" data-widget_type=\"text-editor.default\">\n\t\t\t\t<div class=\"elementor-widget-container\">\n\t\t\t\t\t\t\t\t\t<p class=\"p1\"><span class=\"s1\">Les organisations ont besoin d\u2019objectifs clairs, et la voie vers l\u2019atteinte de leurs buts d\u00e9pend \u00e0 la fois de la strat\u00e9gie et de la tactique. Bien que ces termes soient d\u2019origine militaire, ils s\u2019appliquent parfaitement au d\u00e9veloppement de la strat\u00e9gie des entreprises en termes de buts et objectifs.<\/span><\/p>\r\n<p class=\"p1\"><span class=\"s1\">La mission d\u2019AP Strategic est d\u2019aider les d\u00e9cideurs \u00e0 \u00e9voluer dans un monde en perp\u00e9tuelle transformation, en assurant une compr\u00e9hension objective et d\u00e9montr\u00e9e de leur environnement, de mani\u00e8re \u00e0 concevoir ou r\u00e9\u00e9valuer leur strat\u00e9gie, et de les accompagner dans la mise en \u0153uvre des plans d\u2019actions.<\/span><\/p>\t\t\t\t\t\t\t\t<\/div>\n\t\t\t\t<\/div>\n\t\t\t\t<div class=\"elementor-element elementor-element-38330c6 elementor-widget elementor-widget-spacer\" data-id=\"38330c6\" data-element_type=\"widget\" data-e-type=\"widget\" data-widget_type=\"spacer.default\">\n\t\t\t\t<div class=\"elementor-widget-container\">\n\t\t\t\t\t\t\t<div class=\"elementor-spacer\">\n\t\t\t<div class=\"elementor-spacer-inner\"><\/div>\n\t\t<\/div>\n\t\t\t\t\t\t<\/div>\n\t\t\t\t<\/div>\n\t\t\t\t\t<\/div>\n\t\t<\/div>\n\t\t\t\t\t<\/div>\n\t\t<\/section>\n\t\t\t\t<\/div>\n\t\t","protected":false},"excerpt":{"rendered":"<p>Conseil aux entreprises AP Strategic est sp\u00e9cialis\u00e9e dans le Conseil aux Entreprises \u2028et le D\u00e9veloppement de projets dans le domaine de l\u2019\u00e9nergie. Les organisations ont besoin d\u2019objectifs clairs, et la voie vers l\u2019atteinte de leurs buts d\u00e9pend \u00e0 la fois de la strat\u00e9gie et de la tactique. Bien que ces termes soient d\u2019origine militaire, ils [&hellip;]<\/p>\n","protected":false},"author":1,"featured_media":93,"parent":0,"menu_order":0,"comment_status":"closed","ping_status":"closed","template":"","meta":{"footnotes":""},"class_list":["post-108","page","type-page","status-publish","has-post-thumbnail","hentry"],"yoast_head":"<!-- This site is optimized with the Yoast SEO plugin v27.0 - https:\/\/yoast.com\/product\/yoast-seo-wordpress\/ -->\n<title>Conseil aux entreprises - AP Strategic<\/title>\n<meta name=\"robots\" content=\"index, follow, max-snippet:-1, max-image-preview:large, max-video-preview:-1\" \/>\n<link rel=\"canonical\" href=\"https:\/\/ap-strategic.com\/fr\/conseil-aux-entreprises\/\" \/>\n<meta property=\"og:locale\" content=\"fr_FR\" \/>\n<meta property=\"og:type\" content=\"article\" \/>\n<meta property=\"og:title\" content=\"Conseil aux entreprises - AP Strategic\" \/>\n<meta property=\"og:description\" content=\"Conseil aux entreprises AP Strategic est sp\u00e9cialis\u00e9e dans le Conseil aux Entreprises \u2028et le D\u00e9veloppement de projets dans le domaine de l\u2019\u00e9nergie. Les organisations ont besoin d\u2019objectifs clairs, et la voie vers l\u2019atteinte de leurs buts d\u00e9pend \u00e0 la fois de la strat\u00e9gie et de la tactique. Bien que ces termes soient d\u2019origine militaire, ils [&hellip;]\" \/>\n<meta property=\"og:url\" content=\"https:\/\/ap-strategic.com\/fr\/conseil-aux-entreprises\/\" \/>\n<meta property=\"og:site_name\" content=\"AP Strategic\" \/>\n<meta property=\"article:modified_time\" content=\"2022-08-02T11:25:38+00:00\" \/>\n<meta property=\"og:image\" content=\"https:\/\/ap-strategic.com\/wp-content\/uploads\/2022\/07\/Image2-copy.png\" \/>\n\t<meta property=\"og:image:width\" content=\"527\" \/>\n\t<meta property=\"og:image:height\" content=\"173\" \/>\n\t<meta property=\"og:image:type\" content=\"image\/png\" \/>\n<meta name=\"twitter:card\" content=\"summary_large_image\" \/>\n<meta name=\"twitter:label1\" content=\"Dur\u00e9e de lecture estim\u00e9e\" \/>\n\t<meta name=\"twitter:data1\" content=\"1 minute\" \/>\n<script type=\"application\/ld+json\" class=\"yoast-schema-graph\">{\"@context\":\"https:\/\/schema.org\",\"@graph\":[{\"@type\":\"WebPage\",\"@id\":\"https:\/\/ap-strategic.com\/fr\/conseil-aux-entreprises\/\",\"url\":\"https:\/\/ap-strategic.com\/fr\/conseil-aux-entreprises\/\",\"name\":\"Conseil aux entreprises - AP Strategic\",\"isPartOf\":{\"@id\":\"https:\/\/ap-strategic.com\/fr\/#website\"},\"primaryImageOfPage\":{\"@id\":\"https:\/\/ap-strategic.com\/fr\/conseil-aux-entreprises\/#primaryimage\"},\"image\":{\"@id\":\"https:\/\/ap-strategic.com\/fr\/conseil-aux-entreprises\/#primaryimage\"},\"thumbnailUrl\":\"https:\/\/ap-strategic.com\/wp-content\/uploads\/2022\/07\/Image2-copy.png\",\"datePublished\":\"2022-07-27T06:41:09+00:00\",\"dateModified\":\"2022-08-02T11:25:38+00:00\",\"breadcrumb\":{\"@id\":\"https:\/\/ap-strategic.com\/fr\/conseil-aux-entreprises\/#breadcrumb\"},\"inLanguage\":\"fr-FR\",\"potentialAction\":[{\"@type\":\"ReadAction\",\"target\":[\"https:\/\/ap-strategic.com\/fr\/conseil-aux-entreprises\/\"]}]},{\"@type\":\"ImageObject\",\"inLanguage\":\"fr-FR\",\"@id\":\"https:\/\/ap-strategic.com\/fr\/conseil-aux-entreprises\/#primaryimage\",\"url\":\"https:\/\/ap-strategic.com\/wp-content\/uploads\/2022\/07\/Image2-copy.png\",\"contentUrl\":\"https:\/\/ap-strategic.com\/wp-content\/uploads\/2022\/07\/Image2-copy.png\",\"width\":527,\"height\":173},{\"@type\":\"BreadcrumbList\",\"@id\":\"https:\/\/ap-strategic.com\/fr\/conseil-aux-entreprises\/#breadcrumb\",\"itemListElement\":[{\"@type\":\"ListItem\",\"position\":1,\"name\":\"Home\",\"item\":\"https:\/\/ap-strategic.com\/fr\/\"},{\"@type\":\"ListItem\",\"position\":2,\"name\":\"Conseil aux entreprises\"}]},{\"@type\":\"WebSite\",\"@id\":\"https:\/\/ap-strategic.com\/fr\/#website\",\"url\":\"https:\/\/ap-strategic.com\/fr\/\",\"name\":\"AP Strategic\",\"description\":\"International expertise in Business Development\",\"publisher\":{\"@id\":\"https:\/\/ap-strategic.com\/fr\/#organization\"},\"potentialAction\":[{\"@type\":\"SearchAction\",\"target\":{\"@type\":\"EntryPoint\",\"urlTemplate\":\"https:\/\/ap-strategic.com\/fr\/?s={search_term_string}\"},\"query-input\":{\"@type\":\"PropertyValueSpecification\",\"valueRequired\":true,\"valueName\":\"search_term_string\"}}],\"inLanguage\":\"fr-FR\"},{\"@type\":\"Organization\",\"@id\":\"https:\/\/ap-strategic.com\/fr\/#organization\",\"name\":\"AP Strategic\",\"url\":\"https:\/\/ap-strategic.com\/fr\/\",\"logo\":{\"@type\":\"ImageObject\",\"inLanguage\":\"fr-FR\",\"@id\":\"https:\/\/ap-strategic.com\/fr\/#\/schema\/logo\/image\/\",\"url\":\"https:\/\/ap-strategic.com\/wp-content\/uploads\/2022\/07\/Image7.png\",\"contentUrl\":\"https:\/\/ap-strategic.com\/wp-content\/uploads\/2022\/07\/Image7.png\",\"width\":284,\"height\":62,\"caption\":\"AP Strategic\"},\"image\":{\"@id\":\"https:\/\/ap-strategic.com\/fr\/#\/schema\/logo\/image\/\"}}]}<\/script>\n<!-- \/ Yoast SEO plugin. -->","yoast_head_json":{"title":"Conseil aux entreprises - AP Strategic","robots":{"index":"index","follow":"follow","max-snippet":"max-snippet:-1","max-image-preview":"max-image-preview:large","max-video-preview":"max-video-preview:-1"},"canonical":"https:\/\/ap-strategic.com\/fr\/conseil-aux-entreprises\/","og_locale":"fr_FR","og_type":"article","og_title":"Conseil aux entreprises - AP Strategic","og_description":"Conseil aux entreprises AP Strategic est sp\u00e9cialis\u00e9e dans le Conseil aux Entreprises \u2028et le D\u00e9veloppement de projets dans le domaine de l\u2019\u00e9nergie. Les organisations ont besoin d\u2019objectifs clairs, et la voie vers l\u2019atteinte de leurs buts d\u00e9pend \u00e0 la fois de la strat\u00e9gie et de la tactique. Bien que ces termes soient d\u2019origine militaire, ils [&hellip;]","og_url":"https:\/\/ap-strategic.com\/fr\/conseil-aux-entreprises\/","og_site_name":"AP Strategic","article_modified_time":"2022-08-02T11:25:38+00:00","og_image":[{"width":527,"height":173,"url":"https:\/\/ap-strategic.com\/wp-content\/uploads\/2022\/07\/Image2-copy.png","type":"image\/png"}],"twitter_card":"summary_large_image","twitter_misc":{"Dur\u00e9e de lecture estim\u00e9e":"1 minute"},"schema":{"@context":"https:\/\/schema.org","@graph":[{"@type":"WebPage","@id":"https:\/\/ap-strategic.com\/fr\/conseil-aux-entreprises\/","url":"https:\/\/ap-strategic.com\/fr\/conseil-aux-entreprises\/","name":"Conseil aux entreprises - AP Strategic","isPartOf":{"@id":"https:\/\/ap-strategic.com\/fr\/#website"},"primaryImageOfPage":{"@id":"https:\/\/ap-strategic.com\/fr\/conseil-aux-entreprises\/#primaryimage"},"image":{"@id":"https:\/\/ap-strategic.com\/fr\/conseil-aux-entreprises\/#primaryimage"},"thumbnailUrl":"https:\/\/ap-strategic.com\/wp-content\/uploads\/2022\/07\/Image2-copy.png","datePublished":"2022-07-27T06:41:09+00:00","dateModified":"2022-08-02T11:25:38+00:00","breadcrumb":{"@id":"https:\/\/ap-strategic.com\/fr\/conseil-aux-entreprises\/#breadcrumb"},"inLanguage":"fr-FR","potentialAction":[{"@type":"ReadAction","target":["https:\/\/ap-strategic.com\/fr\/conseil-aux-entreprises\/"]}]},{"@type":"ImageObject","inLanguage":"fr-FR","@id":"https:\/\/ap-strategic.com\/fr\/conseil-aux-entreprises\/#primaryimage","url":"https:\/\/ap-strategic.com\/wp-content\/uploads\/2022\/07\/Image2-copy.png","contentUrl":"https:\/\/ap-strategic.com\/wp-content\/uploads\/2022\/07\/Image2-copy.png","width":527,"height":173},{"@type":"BreadcrumbList","@id":"https:\/\/ap-strategic.com\/fr\/conseil-aux-entreprises\/#breadcrumb","itemListElement":[{"@type":"ListItem","position":1,"name":"Home","item":"https:\/\/ap-strategic.com\/fr\/"},{"@type":"ListItem","position":2,"name":"Conseil aux entreprises"}]},{"@type":"WebSite","@id":"https:\/\/ap-strategic.com\/fr\/#website","url":"https:\/\/ap-strategic.com\/fr\/","name":"AP Strategic","description":"International expertise in Business Development","publisher":{"@id":"https:\/\/ap-strategic.com\/fr\/#organization"},"potentialAction":[{"@type":"SearchAction","target":{"@type":"EntryPoint","urlTemplate":"https:\/\/ap-strategic.com\/fr\/?s={search_term_string}"},"query-input":{"@type":"PropertyValueSpecification","valueRequired":true,"valueName":"search_term_string"}}],"inLanguage":"fr-FR"},{"@type":"Organization","@id":"https:\/\/ap-strategic.com\/fr\/#organization","name":"AP Strategic","url":"https:\/\/ap-strategic.com\/fr\/","logo":{"@type":"ImageObject","inLanguage":"fr-FR","@id":"https:\/\/ap-strategic.com\/fr\/#\/schema\/logo\/image\/","url":"https:\/\/ap-strategic.com\/wp-content\/uploads\/2022\/07\/Image7.png","contentUrl":"https:\/\/ap-strategic.com\/wp-content\/uploads\/2022\/07\/Image7.png","width":284,"height":62,"caption":"AP Strategic"},"image":{"@id":"https:\/\/ap-strategic.com\/fr\/#\/schema\/logo\/image\/"}}]}},"_links":{"self":[{"href":"https:\/\/ap-strategic.com\/fr\/wp-json\/wp\/v2\/pages\/108","targetHints":{"allow":["GET"]}}],"collection":[{"href":"https:\/\/ap-strategic.com\/fr\/wp-json\/wp\/v2\/pages"}],"about":[{"href":"https:\/\/ap-strategic.com\/fr\/wp-json\/wp\/v2\/types\/page"}],"author":[{"embeddable":true,"href":"https:\/\/ap-strategic.com\/fr\/wp-json\/wp\/v2\/users\/1"}],"replies":[{"embeddable":true,"href":"https:\/\/ap-strategic.com\/fr\/wp-json\/wp\/v2\/comments?post=108"}],"version-history":[{"count":3,"href":"https:\/\/ap-strategic.com\/fr\/wp-json\/wp\/v2\/pages\/108\/revisions"}],"predecessor-version":[{"id":139,"href":"https:\/\/ap-strategic.com\/fr\/wp-json\/wp\/v2\/pages\/108\/revisions\/139"}],"wp:featuredmedia":[{"embeddable":true,"href":"https:\/\/ap-strategic.com\/fr\/wp-json\/wp\/v2\/media\/93"}],"wp:attachment":[{"href":"https:\/\/ap-strategic.com\/fr\/wp-json\/wp\/v2\/media?parent=108"}],"curies":[{"name":"wp","href":"https:\/\/api.w.org\/{rel}","templated":true}]}}