{"id":113,"date":"2022-07-27T06:46:26","date_gmt":"2022-07-27T06:46:26","guid":{"rendered":"https:\/\/ap-strategic.com\/developpement-de-projets-denergie-renouvelable\/"},"modified":"2022-08-04T08:23:29","modified_gmt":"2022-08-04T08:23:29","slug":"developpement-de-projets-denergie-renouvelable","status":"publish","type":"page","link":"https:\/\/ap-strategic.com\/fr\/developpement-de-projets-denergie-renouvelable\/","title":{"rendered":"D\u00e9veloppement de projets d\u2019\u00e9nergie renouvelable"},"content":{"rendered":"\t\t<div data-elementor-type=\"wp-page\" data-elementor-id=\"113\" class=\"elementor elementor-113 elementor-36\" data-elementor-post-type=\"page\">\n\t\t\t\t\t\t<section class=\"elementor-section elementor-top-section elementor-element elementor-element-b0ee933 elementor-section-boxed elementor-section-height-default elementor-section-height-default\" data-id=\"b0ee933\" data-element_type=\"section\" data-e-type=\"section\" data-settings=\"{&quot;background_background&quot;:&quot;classic&quot;}\">\n\t\t\t\t\t\t<div class=\"elementor-container elementor-column-gap-default\">\n\t\t\t\t\t<div class=\"elementor-column elementor-col-100 elementor-top-column elementor-element elementor-element-5f509fa\" data-id=\"5f509fa\" data-element_type=\"column\" data-e-type=\"column\">\n\t\t\t<div class=\"elementor-widget-wrap elementor-element-populated\">\n\t\t\t\t\t\t<div class=\"elementor-element elementor-element-2e06419 elementor-widget elementor-widget-heading\" data-id=\"2e06419\" data-element_type=\"widget\" data-e-type=\"widget\" data-widget_type=\"heading.default\">\n\t\t\t\t<div class=\"elementor-widget-container\">\n\t\t\t\t\t<h1 class=\"elementor-heading-title elementor-size-default\">D\u00e9veloppement de projets d\u2019\u00e9nergie renouvelable<\/h1>\t\t\t\t<\/div>\n\t\t\t\t<\/div>\n\t\t\t\t\t<\/div>\n\t\t<\/div>\n\t\t\t\t\t<\/div>\n\t\t<\/section>\n\t\t\t\t<section class=\"elementor-section elementor-top-section elementor-element elementor-element-ba4c1f7 elementor-section-boxed elementor-section-height-default elementor-section-height-default\" data-id=\"ba4c1f7\" data-element_type=\"section\" data-e-type=\"section\">\n\t\t\t\t\t\t<div class=\"elementor-container elementor-column-gap-default\">\n\t\t\t\t\t<div class=\"elementor-column elementor-col-100 elementor-top-column elementor-element elementor-element-af23dc7\" data-id=\"af23dc7\" data-element_type=\"column\" data-e-type=\"column\">\n\t\t\t<div class=\"elementor-widget-wrap elementor-element-populated\">\n\t\t\t\t\t\t<div class=\"elementor-element elementor-element-54c6f51 elementor-blockquote--skin-boxed elementor-blockquote--align-center elementor-widget elementor-widget-blockquote\" data-id=\"54c6f51\" data-element_type=\"widget\" data-e-type=\"widget\" data-widget_type=\"blockquote.default\">\n\t\t\t\t<div class=\"elementor-widget-container\">\n\t\t\t\t\t\t\t<blockquote class=\"elementor-blockquote\">\n\t\t\t<p class=\"elementor-blockquote__content\">\n\t\t\t\tAP Strategic est sp\u00e9cialis\u00e9e dans le Conseil aux Entreprises \u2028et le D\u00e9veloppement de projets dans le domaine de l\u2019\u00e9nergie.\t\t\t<\/p>\n\t\t\t\t\t<\/blockquote>\n\t\t\t\t\t\t<\/div>\n\t\t\t\t<\/div>\n\t\t\t\t<div class=\"elementor-element elementor-element-e2a48d4 elementor-widget elementor-widget-text-editor\" data-id=\"e2a48d4\" data-element_type=\"widget\" data-e-type=\"widget\" data-widget_type=\"text-editor.default\">\n\t\t\t\t<div class=\"elementor-widget-container\">\n\t\t\t\t\t\t\t\t\t<p class=\"p1\"><span class=\"s1\">AP Strategic joue le r\u00f4le de chef d\u2019orchestre dans la mise en place de projets d\u2019\u00e9nergie renouvelable en \u00e9tant responsable du pilotage de projets. En ce sens, nous activons un p\u00e9rim\u00e8tre d\u2019action large qui demande de nombreuses comp\u00e9tences tant au niveau technique, juridique qu\u2019\u00e9conomique.<\/span><\/p>\t\t\t\t\t\t\t\t<\/div>\n\t\t\t\t<\/div>\n\t\t\t\t<div class=\"elementor-element elementor-element-1e4781f animated-slow elementor-invisible elementor-widget elementor-widget-image\" data-id=\"1e4781f\" data-element_type=\"widget\" data-e-type=\"widget\" data-settings=\"{&quot;_animation&quot;:&quot;fadeIn&quot;}\" data-widget_type=\"image.default\">\n\t\t\t\t<div class=\"elementor-widget-container\">\n\t\t\t\t\t\t\t\t\t\t\t\t\t\t\t<img fetchpriority=\"high\" decoding=\"async\" width=\"800\" height=\"283\" src=\"https:\/\/ap-strategic.com\/wp-content\/uploads\/2022\/08\/French-scheme.png\" class=\"attachment-large size-large wp-image-89\" alt=\"\" srcset=\"https:\/\/ap-strategic.com\/wp-content\/uploads\/2022\/08\/French-scheme.png 915w, https:\/\/ap-strategic.com\/wp-content\/uploads\/2022\/08\/French-scheme-300x106.png 300w, https:\/\/ap-strategic.com\/wp-content\/uploads\/2022\/08\/French-scheme-768x272.png 768w\" sizes=\"(max-width: 800px) 100vw, 800px\" \/>\t\t\t\t\t\t\t\t\t\t\t\t\t\t\t<\/div>\n\t\t\t\t<\/div>\n\t\t\t\t<section class=\"elementor-section elementor-inner-section elementor-element elementor-element-687dea6 elementor-section-boxed elementor-section-height-default elementor-section-height-default\" data-id=\"687dea6\" data-element_type=\"section\" data-e-type=\"section\">\n\t\t\t\t\t\t<div class=\"elementor-container elementor-column-gap-default\">\n\t\t\t\t\t<div class=\"elementor-column elementor-col-20 elementor-inner-column elementor-element elementor-element-b0d098d\" data-id=\"b0d098d\" data-element_type=\"column\" data-e-type=\"column\">\n\t\t\t<div class=\"elementor-widget-wrap elementor-element-populated\">\n\t\t\t\t\t\t<div class=\"elementor-element elementor-element-a5ef420 elementor-widget elementor-widget-heading\" data-id=\"a5ef420\" data-element_type=\"widget\" data-e-type=\"widget\" data-widget_type=\"heading.default\">\n\t\t\t\t<div class=\"elementor-widget-container\">\n\t\t\t\t\t<h2 class=\"elementor-heading-title elementor-size-default\">Conception<\/h2>\t\t\t\t<\/div>\n\t\t\t\t<\/div>\n\t\t\t\t<div class=\"elementor-element elementor-element-8b9df47 elementor-widget elementor-widget-text-editor\" data-id=\"8b9df47\" data-element_type=\"widget\" data-e-type=\"widget\" data-widget_type=\"text-editor.default\">\n\t\t\t\t<div class=\"elementor-widget-container\">\n\t\t\t\t\t\t\t\t\t<span class=\"s2\">AP Strategic identifie les sites \u00e0 fort potentiel, \u00e9value les ressources disponibles, con\u00e7oit<span class=\"Apple-converted-space\">\u00a0 <\/span>la configuration et optimise l\u2019int\u00e9gration des projets dans leur environnement.<\/span>\t\t\t\t\t\t\t\t<\/div>\n\t\t\t\t<\/div>\n\t\t\t\t\t<\/div>\n\t\t<\/div>\n\t\t\t\t<div class=\"elementor-column elementor-col-20 elementor-inner-column elementor-element elementor-element-3a8edda\" data-id=\"3a8edda\" data-element_type=\"column\" data-e-type=\"column\">\n\t\t\t<div class=\"elementor-widget-wrap elementor-element-populated\">\n\t\t\t\t\t\t<div class=\"elementor-element elementor-element-2d71c4e elementor-widget elementor-widget-heading\" data-id=\"2d71c4e\" data-element_type=\"widget\" data-e-type=\"widget\" data-widget_type=\"heading.default\">\n\t\t\t\t<div class=\"elementor-widget-container\">\n\t\t\t\t\t<h2 class=\"elementor-heading-title elementor-size-default\">\u00c9tudes<\/h2>\t\t\t\t<\/div>\n\t\t\t\t<\/div>\n\t\t\t\t<div class=\"elementor-element elementor-element-2617ac6 elementor-widget elementor-widget-text-editor\" data-id=\"2617ac6\" data-element_type=\"widget\" data-e-type=\"widget\" data-widget_type=\"text-editor.default\">\n\t\t\t\t<div class=\"elementor-widget-container\">\n\t\t\t\t\t\t\t\t\t<span class=\"s2\">AP Strategic pilote les \u00e9tudes de faisabilit\u00e9 du projet et identifie les risques \u00e0 travers des \u00e9tudes de terrain et environnementales.<\/span>\t\t\t\t\t\t\t\t<\/div>\n\t\t\t\t<\/div>\n\t\t\t\t\t<\/div>\n\t\t<\/div>\n\t\t\t\t<div class=\"elementor-column elementor-col-20 elementor-inner-column elementor-element elementor-element-a5aae71\" data-id=\"a5aae71\" data-element_type=\"column\" data-e-type=\"column\">\n\t\t\t<div class=\"elementor-widget-wrap elementor-element-populated\">\n\t\t\t\t\t\t<div class=\"elementor-element elementor-element-3caa672 elementor-widget elementor-widget-heading\" data-id=\"3caa672\" data-element_type=\"widget\" data-e-type=\"widget\" data-widget_type=\"heading.default\">\n\t\t\t\t<div class=\"elementor-widget-container\">\n\t\t\t\t\t<h2 class=\"elementor-heading-title elementor-size-default\">Animation<\/h2>\t\t\t\t<\/div>\n\t\t\t\t<\/div>\n\t\t\t\t<div class=\"elementor-element elementor-element-ac6ea46 elementor-widget elementor-widget-text-editor\" data-id=\"ac6ea46\" data-element_type=\"widget\" data-e-type=\"widget\" data-widget_type=\"text-editor.default\">\n\t\t\t\t<div class=\"elementor-widget-container\">\n\t\t\t\t\t\t\t\t\t<span class=\"s2\">AP Strategic assure les relations avec les diff\u00e9rents acteurs li\u00e9s au projet: contact avec les \u00e9lus locaux, administrations, animation des r\u00e9unions avec les riverains, etc.<span class=\"Apple-converted-space\">\u00a0<\/span><\/span>\t\t\t\t\t\t\t\t<\/div>\n\t\t\t\t<\/div>\n\t\t\t\t\t<\/div>\n\t\t<\/div>\n\t\t\t\t<div class=\"elementor-column elementor-col-20 elementor-inner-column elementor-element elementor-element-e5dfd84\" data-id=\"e5dfd84\" data-element_type=\"column\" data-e-type=\"column\">\n\t\t\t<div class=\"elementor-widget-wrap elementor-element-populated\">\n\t\t\t\t\t\t<div class=\"elementor-element elementor-element-ead970c elementor-widget elementor-widget-heading\" data-id=\"ead970c\" data-element_type=\"widget\" data-e-type=\"widget\" data-widget_type=\"heading.default\">\n\t\t\t\t<div class=\"elementor-widget-container\">\n\t\t\t\t\t<h2 class=\"elementor-heading-title elementor-size-default\">Marketing - Communication<\/h2>\t\t\t\t<\/div>\n\t\t\t\t<\/div>\n\t\t\t\t<div class=\"elementor-element elementor-element-26953c5 elementor-widget elementor-widget-text-editor\" data-id=\"26953c5\" data-element_type=\"widget\" data-e-type=\"widget\" data-widget_type=\"text-editor.default\">\n\t\t\t\t<div class=\"elementor-widget-container\">\n\t\t\t\t\t\t\t\t\t<span class=\"s2\">AP Strategic con\u00e7oit, r\u00e9alise et met en \u0153uvre les plans de communication destin\u00e9s \u00e0 soutenir et valoriser les projets<\/span>\t\t\t\t\t\t\t\t<\/div>\n\t\t\t\t<\/div>\n\t\t\t\t\t<\/div>\n\t\t<\/div>\n\t\t\t\t<div class=\"elementor-column elementor-col-20 elementor-inner-column elementor-element elementor-element-c59fe70\" data-id=\"c59fe70\" data-element_type=\"column\" data-e-type=\"column\">\n\t\t\t<div class=\"elementor-widget-wrap elementor-element-populated\">\n\t\t\t\t\t\t<div class=\"elementor-element elementor-element-8a8d2a5 elementor-widget elementor-widget-heading\" data-id=\"8a8d2a5\" data-element_type=\"widget\" data-e-type=\"widget\" data-widget_type=\"heading.default\">\n\t\t\t\t<div class=\"elementor-widget-container\">\n\t\t\t\t\t<h2 class=\"elementor-heading-title elementor-size-default\">Financement<\/h2>\t\t\t\t<\/div>\n\t\t\t\t<\/div>\n\t\t\t\t<div class=\"elementor-element elementor-element-3ad114e elementor-widget elementor-widget-text-editor\" data-id=\"3ad114e\" data-element_type=\"widget\" data-e-type=\"widget\" data-widget_type=\"text-editor.default\">\n\t\t\t\t<div class=\"elementor-widget-container\">\n\t\t\t\t\t\t\t\t\t<span class=\"s2\">Dans le but de s\u00e9curiser les financements, AP Strategic applique son savoir-faire financier afin de structurer les projets en ad\u00e9quation avec les exigences sp\u00e9cifiques des partenaires.<\/span>\t\t\t\t\t\t\t\t<\/div>\n\t\t\t\t<\/div>\n\t\t\t\t\t<\/div>\n\t\t<\/div>\n\t\t\t\t\t<\/div>\n\t\t<\/section>\n\t\t\t\t<div class=\"elementor-element elementor-element-38330c6 elementor-widget elementor-widget-spacer\" data-id=\"38330c6\" data-element_type=\"widget\" data-e-type=\"widget\" data-widget_type=\"spacer.default\">\n\t\t\t\t<div class=\"elementor-widget-container\">\n\t\t\t\t\t\t\t<div class=\"elementor-spacer\">\n\t\t\t<div class=\"elementor-spacer-inner\"><\/div>\n\t\t<\/div>\n\t\t\t\t\t\t<\/div>\n\t\t\t\t<\/div>\n\t\t\t\t\t<\/div>\n\t\t<\/div>\n\t\t\t\t\t<\/div>\n\t\t<\/section>\n\t\t\t\t<section class=\"elementor-section elementor-top-section elementor-element elementor-element-b6a966b elementor-section-boxed elementor-section-height-default elementor-section-height-default\" data-id=\"b6a966b\" data-element_type=\"section\" data-e-type=\"section\">\n\t\t\t\t\t\t<div class=\"elementor-container elementor-column-gap-default\">\n\t\t\t\t\t<div class=\"elementor-column elementor-col-100 elementor-top-column elementor-element elementor-element-692e0d7\" data-id=\"692e0d7\" data-element_type=\"column\" data-e-type=\"column\">\n\t\t\t<div class=\"elementor-widget-wrap\">\n\t\t\t\t\t\t\t<\/div>\n\t\t<\/div>\n\t\t\t\t\t<\/div>\n\t\t<\/section>\n\t\t\t\t<\/div>\n\t\t","protected":false},"excerpt":{"rendered":"<p>D\u00e9veloppement de projets d\u2019\u00e9nergie renouvelable AP Strategic est sp\u00e9cialis\u00e9e dans le Conseil aux Entreprises \u2028et le D\u00e9veloppement de projets dans le domaine de l\u2019\u00e9nergie. AP Strategic joue le r\u00f4le de chef d\u2019orchestre dans la mise en place de projets d\u2019\u00e9nergie renouvelable en \u00e9tant responsable du pilotage de projets. En ce sens, nous activons un p\u00e9rim\u00e8tre [&hellip;]<\/p>\n","protected":false},"author":1,"featured_media":88,"parent":0,"menu_order":0,"comment_status":"closed","ping_status":"closed","template":"","meta":{"footnotes":""},"class_list":["post-113","page","type-page","status-publish","has-post-thumbnail","hentry"],"yoast_head":"<!-- This site is optimized with the Yoast SEO plugin v27.0 - https:\/\/yoast.com\/product\/yoast-seo-wordpress\/ -->\n<title>D\u00e9veloppement de projets d\u2019\u00e9nergie renouvelable - AP Strategic<\/title>\n<meta name=\"robots\" content=\"index, follow, max-snippet:-1, max-image-preview:large, max-video-preview:-1\" \/>\n<link rel=\"canonical\" href=\"https:\/\/ap-strategic.com\/fr\/developpement-de-projets-denergie-renouvelable\/\" \/>\n<meta property=\"og:locale\" content=\"fr_FR\" \/>\n<meta property=\"og:type\" content=\"article\" \/>\n<meta property=\"og:title\" content=\"D\u00e9veloppement de projets d\u2019\u00e9nergie renouvelable - AP Strategic\" \/>\n<meta property=\"og:description\" content=\"D\u00e9veloppement de projets d\u2019\u00e9nergie renouvelable AP Strategic est sp\u00e9cialis\u00e9e dans le Conseil aux Entreprises \u2028et le D\u00e9veloppement de projets dans le domaine de l\u2019\u00e9nergie. AP Strategic joue le r\u00f4le de chef d\u2019orchestre dans la mise en place de projets d\u2019\u00e9nergie renouvelable en \u00e9tant responsable du pilotage de projets. En ce sens, nous activons un p\u00e9rim\u00e8tre [&hellip;]\" \/>\n<meta property=\"og:url\" content=\"https:\/\/ap-strategic.com\/fr\/developpement-de-projets-denergie-renouvelable\/\" \/>\n<meta property=\"og:site_name\" content=\"AP Strategic\" \/>\n<meta property=\"article:modified_time\" content=\"2022-08-04T08:23:29+00:00\" \/>\n<meta property=\"og:image\" content=\"https:\/\/ap-strategic.com\/wp-content\/uploads\/2022\/07\/Image3.png\" \/>\n\t<meta property=\"og:image:width\" content=\"527\" \/>\n\t<meta property=\"og:image:height\" content=\"173\" \/>\n\t<meta property=\"og:image:type\" content=\"image\/png\" \/>\n<meta name=\"twitter:card\" content=\"summary_large_image\" \/>\n<meta name=\"twitter:label1\" content=\"Dur\u00e9e de lecture estim\u00e9e\" \/>\n\t<meta name=\"twitter:data1\" content=\"1 minute\" \/>\n<script type=\"application\/ld+json\" class=\"yoast-schema-graph\">{\"@context\":\"https:\/\/schema.org\",\"@graph\":[{\"@type\":\"WebPage\",\"@id\":\"https:\/\/ap-strategic.com\/fr\/developpement-de-projets-denergie-renouvelable\/\",\"url\":\"https:\/\/ap-strategic.com\/fr\/developpement-de-projets-denergie-renouvelable\/\",\"name\":\"D\u00e9veloppement de projets d\u2019\u00e9nergie renouvelable - AP Strategic\",\"isPartOf\":{\"@id\":\"https:\/\/ap-strategic.com\/fr\/#website\"},\"primaryImageOfPage\":{\"@id\":\"https:\/\/ap-strategic.com\/fr\/developpement-de-projets-denergie-renouvelable\/#primaryimage\"},\"image\":{\"@id\":\"https:\/\/ap-strategic.com\/fr\/developpement-de-projets-denergie-renouvelable\/#primaryimage\"},\"thumbnailUrl\":\"https:\/\/ap-strategic.com\/wp-content\/uploads\/2022\/07\/Image3.png\",\"datePublished\":\"2022-07-27T06:46:26+00:00\",\"dateModified\":\"2022-08-04T08:23:29+00:00\",\"breadcrumb\":{\"@id\":\"https:\/\/ap-strategic.com\/fr\/developpement-de-projets-denergie-renouvelable\/#breadcrumb\"},\"inLanguage\":\"fr-FR\",\"potentialAction\":[{\"@type\":\"ReadAction\",\"target\":[\"https:\/\/ap-strategic.com\/fr\/developpement-de-projets-denergie-renouvelable\/\"]}]},{\"@type\":\"ImageObject\",\"inLanguage\":\"fr-FR\",\"@id\":\"https:\/\/ap-strategic.com\/fr\/developpement-de-projets-denergie-renouvelable\/#primaryimage\",\"url\":\"https:\/\/ap-strategic.com\/wp-content\/uploads\/2022\/07\/Image3.png\",\"contentUrl\":\"https:\/\/ap-strategic.com\/wp-content\/uploads\/2022\/07\/Image3.png\",\"width\":527,\"height\":173},{\"@type\":\"BreadcrumbList\",\"@id\":\"https:\/\/ap-strategic.com\/fr\/developpement-de-projets-denergie-renouvelable\/#breadcrumb\",\"itemListElement\":[{\"@type\":\"ListItem\",\"position\":1,\"name\":\"Home\",\"item\":\"https:\/\/ap-strategic.com\/fr\/\"},{\"@type\":\"ListItem\",\"position\":2,\"name\":\"D\u00e9veloppement de projets d\u2019\u00e9nergie renouvelable\"}]},{\"@type\":\"WebSite\",\"@id\":\"https:\/\/ap-strategic.com\/fr\/#website\",\"url\":\"https:\/\/ap-strategic.com\/fr\/\",\"name\":\"AP Strategic\",\"description\":\"International expertise in Business Development\",\"publisher\":{\"@id\":\"https:\/\/ap-strategic.com\/fr\/#organization\"},\"potentialAction\":[{\"@type\":\"SearchAction\",\"target\":{\"@type\":\"EntryPoint\",\"urlTemplate\":\"https:\/\/ap-strategic.com\/fr\/?s={search_term_string}\"},\"query-input\":{\"@type\":\"PropertyValueSpecification\",\"valueRequired\":true,\"valueName\":\"search_term_string\"}}],\"inLanguage\":\"fr-FR\"},{\"@type\":\"Organization\",\"@id\":\"https:\/\/ap-strategic.com\/fr\/#organization\",\"name\":\"AP Strategic\",\"url\":\"https:\/\/ap-strategic.com\/fr\/\",\"logo\":{\"@type\":\"ImageObject\",\"inLanguage\":\"fr-FR\",\"@id\":\"https:\/\/ap-strategic.com\/fr\/#\/schema\/logo\/image\/\",\"url\":\"https:\/\/ap-strategic.com\/wp-content\/uploads\/2022\/07\/Image7.png\",\"contentUrl\":\"https:\/\/ap-strategic.com\/wp-content\/uploads\/2022\/07\/Image7.png\",\"width\":284,\"height\":62,\"caption\":\"AP Strategic\"},\"image\":{\"@id\":\"https:\/\/ap-strategic.com\/fr\/#\/schema\/logo\/image\/\"}}]}<\/script>\n<!-- \/ Yoast SEO plugin. -->","yoast_head_json":{"title":"D\u00e9veloppement de projets d\u2019\u00e9nergie renouvelable - AP Strategic","robots":{"index":"index","follow":"follow","max-snippet":"max-snippet:-1","max-image-preview":"max-image-preview:large","max-video-preview":"max-video-preview:-1"},"canonical":"https:\/\/ap-strategic.com\/fr\/developpement-de-projets-denergie-renouvelable\/","og_locale":"fr_FR","og_type":"article","og_title":"D\u00e9veloppement de projets d\u2019\u00e9nergie renouvelable - AP Strategic","og_description":"D\u00e9veloppement de projets d\u2019\u00e9nergie renouvelable AP Strategic est sp\u00e9cialis\u00e9e dans le Conseil aux Entreprises \u2028et le D\u00e9veloppement de projets dans le domaine de l\u2019\u00e9nergie. AP Strategic joue le r\u00f4le de chef d\u2019orchestre dans la mise en place de projets d\u2019\u00e9nergie renouvelable en \u00e9tant responsable du pilotage de projets. En ce sens, nous activons un p\u00e9rim\u00e8tre [&hellip;]","og_url":"https:\/\/ap-strategic.com\/fr\/developpement-de-projets-denergie-renouvelable\/","og_site_name":"AP Strategic","article_modified_time":"2022-08-04T08:23:29+00:00","og_image":[{"width":527,"height":173,"url":"https:\/\/ap-strategic.com\/wp-content\/uploads\/2022\/07\/Image3.png","type":"image\/png"}],"twitter_card":"summary_large_image","twitter_misc":{"Dur\u00e9e de lecture estim\u00e9e":"1 minute"},"schema":{"@context":"https:\/\/schema.org","@graph":[{"@type":"WebPage","@id":"https:\/\/ap-strategic.com\/fr\/developpement-de-projets-denergie-renouvelable\/","url":"https:\/\/ap-strategic.com\/fr\/developpement-de-projets-denergie-renouvelable\/","name":"D\u00e9veloppement de projets d\u2019\u00e9nergie renouvelable - AP Strategic","isPartOf":{"@id":"https:\/\/ap-strategic.com\/fr\/#website"},"primaryImageOfPage":{"@id":"https:\/\/ap-strategic.com\/fr\/developpement-de-projets-denergie-renouvelable\/#primaryimage"},"image":{"@id":"https:\/\/ap-strategic.com\/fr\/developpement-de-projets-denergie-renouvelable\/#primaryimage"},"thumbnailUrl":"https:\/\/ap-strategic.com\/wp-content\/uploads\/2022\/07\/Image3.png","datePublished":"2022-07-27T06:46:26+00:00","dateModified":"2022-08-04T08:23:29+00:00","breadcrumb":{"@id":"https:\/\/ap-strategic.com\/fr\/developpement-de-projets-denergie-renouvelable\/#breadcrumb"},"inLanguage":"fr-FR","potentialAction":[{"@type":"ReadAction","target":["https:\/\/ap-strategic.com\/fr\/developpement-de-projets-denergie-renouvelable\/"]}]},{"@type":"ImageObject","inLanguage":"fr-FR","@id":"https:\/\/ap-strategic.com\/fr\/developpement-de-projets-denergie-renouvelable\/#primaryimage","url":"https:\/\/ap-strategic.com\/wp-content\/uploads\/2022\/07\/Image3.png","contentUrl":"https:\/\/ap-strategic.com\/wp-content\/uploads\/2022\/07\/Image3.png","width":527,"height":173},{"@type":"BreadcrumbList","@id":"https:\/\/ap-strategic.com\/fr\/developpement-de-projets-denergie-renouvelable\/#breadcrumb","itemListElement":[{"@type":"ListItem","position":1,"name":"Home","item":"https:\/\/ap-strategic.com\/fr\/"},{"@type":"ListItem","position":2,"name":"D\u00e9veloppement de projets d\u2019\u00e9nergie renouvelable"}]},{"@type":"WebSite","@id":"https:\/\/ap-strategic.com\/fr\/#website","url":"https:\/\/ap-strategic.com\/fr\/","name":"AP Strategic","description":"International expertise in Business Development","publisher":{"@id":"https:\/\/ap-strategic.com\/fr\/#organization"},"potentialAction":[{"@type":"SearchAction","target":{"@type":"EntryPoint","urlTemplate":"https:\/\/ap-strategic.com\/fr\/?s={search_term_string}"},"query-input":{"@type":"PropertyValueSpecification","valueRequired":true,"valueName":"search_term_string"}}],"inLanguage":"fr-FR"},{"@type":"Organization","@id":"https:\/\/ap-strategic.com\/fr\/#organization","name":"AP Strategic","url":"https:\/\/ap-strategic.com\/fr\/","logo":{"@type":"ImageObject","inLanguage":"fr-FR","@id":"https:\/\/ap-strategic.com\/fr\/#\/schema\/logo\/image\/","url":"https:\/\/ap-strategic.com\/wp-content\/uploads\/2022\/07\/Image7.png","contentUrl":"https:\/\/ap-strategic.com\/wp-content\/uploads\/2022\/07\/Image7.png","width":284,"height":62,"caption":"AP Strategic"},"image":{"@id":"https:\/\/ap-strategic.com\/fr\/#\/schema\/logo\/image\/"}}]}},"_links":{"self":[{"href":"https:\/\/ap-strategic.com\/fr\/wp-json\/wp\/v2\/pages\/113","targetHints":{"allow":["GET"]}}],"collection":[{"href":"https:\/\/ap-strategic.com\/fr\/wp-json\/wp\/v2\/pages"}],"about":[{"href":"https:\/\/ap-strategic.com\/fr\/wp-json\/wp\/v2\/types\/page"}],"author":[{"embeddable":true,"href":"https:\/\/ap-strategic.com\/fr\/wp-json\/wp\/v2\/users\/1"}],"replies":[{"embeddable":true,"href":"https:\/\/ap-strategic.com\/fr\/wp-json\/wp\/v2\/comments?post=113"}],"version-history":[{"count":8,"href":"https:\/\/ap-strategic.com\/fr\/wp-json\/wp\/v2\/pages\/113\/revisions"}],"predecessor-version":[{"id":161,"href":"https:\/\/ap-strategic.com\/fr\/wp-json\/wp\/v2\/pages\/113\/revisions\/161"}],"wp:featuredmedia":[{"embeddable":true,"href":"https:\/\/ap-strategic.com\/fr\/wp-json\/wp\/v2\/media\/88"}],"wp:attachment":[{"href":"https:\/\/ap-strategic.com\/fr\/wp-json\/wp\/v2\/media?parent=113"}],"curies":[{"name":"wp","href":"https:\/\/api.w.org\/{rel}","templated":true}]}}